{"id":112,"date":"2014-05-01T21:31:43","date_gmt":"2014-05-01T19:31:43","guid":{"rendered":"http:\/\/www.heimatverein-jevenstedt.de\/wordpress\/?page_id=112"},"modified":"2024-03-15T18:57:29","modified_gmt":"2024-03-15T16:57:29","slug":"impressum","status":"publish","type":"page","link":"https:\/\/www.heimatverein-jevenstedt.de\/wordpress\/?page_id=112","title":{"rendered":"Impressum"},"content":{"rendered":"<p>Angaben gem. \u00a7 5 TDV:<\/p>\n<p>Olaf Thomsen<br \/>\nSchwabe 26<br \/>\n24808 Jevenstedt<\/p>\n<p>Internet: www.heimatverein-jevenstedt.de<\/p>\n<p>Die Verantwortung f\u00fcr den redaktionellen Inhalt der<br \/>\nHomepage gem\u00e4\u00df \u00a7 10 Abs. 3 MDStV tr\u00e4gt Olaf Thomsen.<\/p>\n","protected":false},"excerpt":{"rendered":"<p>Angaben gem. \u00a7 5 TDV: Olaf Thomsen Schwabe 26 24808 Jevenstedt Internet: www.heimatverein-jevenstedt.de Die Verantwortung f\u00fcr den redaktionellen Inhalt der Homepage gem\u00e4\u00df \u00a7 10 Abs. 3 MDStV tr\u00e4gt Olaf Thomsen.<\/p>\n","protected":false},"author":1,"featured_media":0,"parent":0,"menu_order":0,"comment_status":"closed","ping_status":"open","template":"","meta":{"_EventAllDay":false,"_EventTimezone":"","_EventStartDate":"","_EventEndDate":"","_EventStartDateUTC":"","_EventEndDateUTC":"","_EventShowMap":false,"_EventShowMapLink":false,"_EventURL":"","_EventCost":"","_EventCostDescription":"","_EventCurrencySymbol":"","_EventCurrencyCode":"","_EventCurrencyPosition":"","_EventDateTimeSeparator":"","_EventTimeRangeSeparator":"","_EventOrganizerID":[],"_EventVenueID":[],"_OrganizerEmail":"","_OrganizerPhone":"","_OrganizerWebsite":"","_VenueAddress":"","_VenueCity":"","_VenueCountry":"","_VenueProvince":"","_VenueState":"","_VenueZip":"","_VenuePhone":"","_VenueURL":"","_VenueStateProvince":"","_VenueLat":"","_VenueLng":"","_VenueShowMap":false,"_VenueShowMapLink":false,"footnotes":""},"class_list":["post-112","page","type-page","status-publish","hentry"],"_links":{"self":[{"href":"https:\/\/www.heimatverein-jevenstedt.de\/wordpress\/index.php?rest_route=\/wp\/v2\/pages\/112","targetHints":{"allow":["GET"]}}],"collection":[{"href":"https:\/\/www.heimatverein-jevenstedt.de\/wordpress\/index.php?rest_route=\/wp\/v2\/pages"}],"about":[{"href":"https:\/\/www.heimatverein-jevenstedt.de\/wordpress\/index.php?rest_route=\/wp\/v2\/types\/page"}],"author":[{"embeddable":true,"href":"https:\/\/www.heimatverein-jevenstedt.de\/wordpress\/index.php?rest_route=\/wp\/v2\/users\/1"}],"replies":[{"embeddable":true,"href":"https:\/\/www.heimatverein-jevenstedt.de\/wordpress\/index.php?rest_route=%2Fwp%2Fv2%2Fcomments&post=112"}],"version-history":[{"count":3,"href":"https:\/\/www.heimatverein-jevenstedt.de\/wordpress\/index.php?rest_route=\/wp\/v2\/pages\/112\/revisions"}],"predecessor-version":[{"id":178,"href":"https:\/\/www.heimatverein-jevenstedt.de\/wordpress\/index.php?rest_route=\/wp\/v2\/pages\/112\/revisions\/178"}],"wp:attachment":[{"href":"https:\/\/www.heimatverein-jevenstedt.de\/wordpress\/index.php?rest_route=%2Fwp%2Fv2%2Fmedia&parent=112"}],"curies":[{"name":"wp","href":"https:\/\/api.w.org\/{rel}","templated":true}]}}