{"id":25,"date":"2014-05-01T18:31:34","date_gmt":"2014-05-01T16:31:34","guid":{"rendered":"http:\/\/www.heimatverein-jevenstedt.de\/wordpress\/?page_id=25"},"modified":"2014-05-01T21:16:55","modified_gmt":"2014-05-01T19:16:55","slug":"stellmacherei","status":"publish","type":"page","link":"https:\/\/www.heimatverein-jevenstedt.de\/wordpress\/?page_id=25","title":{"rendered":"Stellmacherei"},"content":{"rendered":"<p>Im Jahre 2005 hat der Heimatverein Jevenstedt vom Stellmachermeister Werner B\u00fcchmann aus Rantrum die komplette Einrichtung der Stellmacherei erhalten. Sie ist in der Wagenremise neben der Schmiede aufgebaut.<\/p>\n<p>In der Stellmacherei wurden s\u00e4mtliche in der Landwirtschaft gebrauchten Ger\u00e4tschaften sowie H\u00f6lzer f\u00fcr landwirtschaftliche Ger\u00e4te und Maschinen hergestellt.<\/p>\n<p>Ein Jagdwagen kostete vor dem 1. Weltkrieg 800 \u2013 1000 M. Ein Arbeitswagen galt soviel wie eine Kuh (1900 M).<\/p>\n<p>140 Jahre bestand die Stellmacherei in Rantrum. Es folgt ein kurzer Abriss aus der ihrer Geschichte.<\/p>\n<p>1866 &#8211; In der Stellmacherei wurden die Baumst\u00e4mme noch von Hand mit der Baums\u00e4ge ges\u00e4gt. Die Fa. Wiemann aus Hamburg lieferte abgelagerte Buchenrohlinge f\u00fcr die Felgen.<\/p>\n<p>Ab 1948 wurde das Material von der Fa. Homfeldt aus Hohenwestedt geliefert. Die Fa. Homfeldt hat 2005 den Betrieb geschlossen.<\/p>\n<p>1875 bekam Sievert Hinrichsen noch einen Arbeitswagen mit Holzachsen.<\/p>\n<p>1890 &#8211; Eisenachsen wurden eingef\u00fchrt.<\/p>\n<p>1891 \u2013 1919 wurden 130 \u2013 140 Arbeitswagen gebaut.<\/p>\n<p>1902 &#8211; wurde noch eine Bands\u00e4ge mit Handbetrieb benutzt.<\/p>\n<p>1913 \u2013 wurde eine Bands\u00e4ge, eine Kreiss\u00e4ge und eine Hobelmaschine mit elektrischem Antrieb \u00fcber eine Transmission angeschafft.<\/p>\n<p>1919 \u2013 1939 wurden 80 Arbeitswagen hergestellt.<\/p>\n<p>1946 &#8211; gab es noch einige Wagen mit Holzachsen in Rantrum.<\/p>\n<p>1949 &#8211; wurden noch 7 eisenbereifte Ackerwagen (Weitspur) hergestellt.<\/p>\n<p>1950 &#8211; wurden vom Schrotth\u00e4ndler Autoachsen angekauft und mit neuem Holzaufbau versehen.<\/p>\n<p>Holzachsen \u2013 Schmalspur<br \/>\nEisenachsen \u2013 Mittelspur<br \/>\nAutoachsen \u2013 Weitspur<\/p>\n<h5>Verwendetes Holz beim Wagenbau<\/h5>\n<p><strong>Die Esche<\/strong> &#8211; Wegen seiner Elastizit\u00e4t und Z\u00e4higkeit das beste Holz, haupts\u00e4chlich f\u00fcr Gestellarbeiten verwendet. Junges Holz gibt gute Radspeichen.<\/p>\n<p><strong>Die Ulme<\/strong> &#8211; Junges Rundholz wird viel f\u00fcr Naben, in geschnittenen Bohlen f\u00fcr Gestellarbeiten verwendet.<\/p>\n<p><strong>Die Eiche<\/strong> &#8211; Liefert ein sehr festes, der Feuchtigkeit am meisten widerstehendes Holz. Er wird f\u00fcr Radspeichen und an gro\u00dfen Arbeitswagen f\u00fcr Radnaben verwendet.<\/p>\n<p><strong>Die Rotbuche <\/strong>&#8211; Wird f\u00fcr den Kasten des Arbeitswagen verwendet. In gebogenem Zustand wird es sehr viel f\u00fcr Felgenkr\u00e4nze und Gabelb\u00e4ume benutzt.<\/p>\n<p><strong>Die Wei\u00dfbuche <\/strong>&#8211; Findet Verwendung f\u00fcr Werkzeug.<\/p>\n<p><strong>Die Birke<\/strong> &#8211; In st\u00e4rkeren St\u00e4mmen wird es zu Kasten und Gestellarbeiten verwertet, auch viel zu Deichseln verarbeitet.<\/p>\n<p><strong>Die Akazie<\/strong> &#8211; Wird gerne f\u00fcr Speichen verwendet.<\/p>\n<p><strong>Die Pappel<\/strong> &#8211; Wird gerne f\u00fcr Tafeln und Fu\u00dfbrettern benutzt.<\/p>\n<p><strong>Die Erle<\/strong> &#8211; Wird zu Brettern verarbeitet.<\/p>\n<p><strong>Die Tanne, Fichte und Kiefer<\/strong> \u2013 Liefern die Beschalung und Bodenbretter.<\/p>\n<p>Die Einweihung der Stellmacherei fand am 17. Juni 2007 statt.<\/p>\n<p>Nachfolgend finden Sie noch einige Fotos mit Motiven aus der Stellmacherei. Bitte klicken Sie auf das jeweilige Bild, um es in Originalgr\u00f6\u00dfe zu sehen.<\/p>\n<p>Foto 1: Werkzeug und hergestellte Werkst\u00fccke des Stellmachers.<\/p>\n<p><a href=\"http:\/\/www.heimatverein-jevenstedt.de\/wordpress\/wp-content\/uploads\/2014\/05\/Foto_1.jpg\"><img loading=\"lazy\" decoding=\"async\" class=\"size-medium wp-image-80\" src=\"http:\/\/www.heimatverein-jevenstedt.de\/wordpress\/wp-content\/uploads\/2014\/05\/Foto_1-300x200.jpg\" alt=\"Werkst\u00fcck und hergestellte Werkst\u00fccke des Stellmachers\" width=\"300\" height=\"200\" srcset=\"https:\/\/www.heimatverein-jevenstedt.de\/wordpress\/wp-content\/uploads\/2014\/05\/Foto_1-300x200.jpg 300w, https:\/\/www.heimatverein-jevenstedt.de\/wordpress\/wp-content\/uploads\/2014\/05\/Foto_1.jpg 567w\" sizes=\"auto, (max-width: 300px) 100vw, 300px\" \/><\/a><\/p>\n<p>Foto 2: Hobel- und Abrichtmaschine. Der Antrieb erfolgte \u00fcber eine Transmission. Haltebock zur Aufnahme der Radnabe, um die Speichen einzusetzen.<\/p>\n<p><a href=\"http:\/\/www.heimatverein-jevenstedt.de\/wordpress\/wp-content\/uploads\/2014\/05\/Foto_2.jpg\"><img loading=\"lazy\" decoding=\"async\" class=\"alignnone size-medium wp-image-81\" src=\"http:\/\/www.heimatverein-jevenstedt.de\/wordpress\/wp-content\/uploads\/2014\/05\/Foto_2-300x200.jpg\" alt=\"Foto_2\" width=\"300\" height=\"200\" srcset=\"https:\/\/www.heimatverein-jevenstedt.de\/wordpress\/wp-content\/uploads\/2014\/05\/Foto_2-300x200.jpg 300w, https:\/\/www.heimatverein-jevenstedt.de\/wordpress\/wp-content\/uploads\/2014\/05\/Foto_2.jpg 567w\" sizes=\"auto, (max-width: 300px) 100vw, 300px\" \/><\/a><br \/>\n<a title=\"Gu\u00dfeiserne Bands\u00e4ge mit angebauter Universalradmaschine mit Stemmvorrichtung\" href=\"wp-content\/uploads\/2014\/05\/Foto_3.jpg\" rel=\"lightbox\"><br \/>\n<\/a><\/p>\n<p>Foto 3: Gu\u00dfeiserne Bands\u00e4ge mit angebauter Universalradmaschine mit Stemmvorrichtung. An der Wand h\u00e4ngen vom Stellmacher gefertigte Schablonen.<\/p>\n<p><a href=\"http:\/\/www.heimatverein-jevenstedt.de\/wordpress\/wp-content\/uploads\/2014\/05\/Foto_3.jpg\"><img loading=\"lazy\" decoding=\"async\" class=\"alignnone size-medium wp-image-82\" src=\"http:\/\/www.heimatverein-jevenstedt.de\/wordpress\/wp-content\/uploads\/2014\/05\/Foto_3-200x300.jpg\" alt=\"Foto_3\" width=\"200\" height=\"300\" srcset=\"https:\/\/www.heimatverein-jevenstedt.de\/wordpress\/wp-content\/uploads\/2014\/05\/Foto_3-200x300.jpg 200w, https:\/\/www.heimatverein-jevenstedt.de\/wordpress\/wp-content\/uploads\/2014\/05\/Foto_3.jpg 378w\" sizes=\"auto, (max-width: 200px) 100vw, 200px\" \/><\/a><\/p>\n<p>Foto 4: Elektromotor f\u00fcr die Transmission. Die Transmission wurde aus Platzmangel nicht installiert. Daneben befindet sich ein Schleifstein, der ebenfalls \u00fcber die Transmission angetrieben wurde. Neben der Hobelmaschine befindet sich eine Zugbank, die von dem Gesellen und Auszubildenden der Fa. Claus Pahl in Jevenstedt hergestellt wurde.<\/p>\n<p><a href=\"http:\/\/www.heimatverein-jevenstedt.de\/wordpress\/wp-content\/uploads\/2014\/05\/Foto_4.jpg\"><img loading=\"lazy\" decoding=\"async\" class=\"alignnone size-medium wp-image-83\" src=\"http:\/\/www.heimatverein-jevenstedt.de\/wordpress\/wp-content\/uploads\/2014\/05\/Foto_4-200x300.jpg\" alt=\"Foto_4\" width=\"200\" height=\"300\" srcset=\"https:\/\/www.heimatverein-jevenstedt.de\/wordpress\/wp-content\/uploads\/2014\/05\/Foto_4-200x300.jpg 200w, https:\/\/www.heimatverein-jevenstedt.de\/wordpress\/wp-content\/uploads\/2014\/05\/Foto_4.jpg 378w\" sizes=\"auto, (max-width: 200px) 100vw, 200px\" \/><\/a><\/p>\n<p>Foto 5: Hobelbank, Schraubzwingen, Werkzeugschr\u00e4nke, Spanns\u00e4gen, Stangenschlangenbohrer, Nabenbohrer und Spund- oder Verfolgbohrer.<\/p>\n<p><a href=\"http:\/\/www.heimatverein-jevenstedt.de\/wordpress\/wp-content\/uploads\/2014\/05\/Foto_5.jpg\"><img loading=\"lazy\" decoding=\"async\" class=\"alignnone size-medium wp-image-84\" src=\"http:\/\/www.heimatverein-jevenstedt.de\/wordpress\/wp-content\/uploads\/2014\/05\/Foto_5-300x200.jpg\" alt=\"Foto_5\" width=\"300\" height=\"200\" srcset=\"https:\/\/www.heimatverein-jevenstedt.de\/wordpress\/wp-content\/uploads\/2014\/05\/Foto_5-300x200.jpg 300w, https:\/\/www.heimatverein-jevenstedt.de\/wordpress\/wp-content\/uploads\/2014\/05\/Foto_5.jpg 567w\" sizes=\"auto, (max-width: 300px) 100vw, 300px\" \/><\/a><\/p>\n","protected":false},"excerpt":{"rendered":"<p>Im Jahre 2005 hat der Heimatverein Jevenstedt vom Stellmachermeister Werner B\u00fcchmann aus Rantrum die komplette Einrichtung der Stellmacherei erhalten. Sie ist in der Wagenremise neben der Schmiede aufgebaut. In der [&hellip;]<\/p>\n","protected":false},"author":1,"featured_media":0,"parent":19,"menu_order":0,"comment_status":"closed","ping_status":"open","template":"","meta":{"_EventAllDay":false,"_EventTimezone":"","_EventStartDate":"","_EventEndDate":"","_EventStartDateUTC":"","_EventEndDateUTC":"","_EventShowMap":false,"_EventShowMapLink":false,"_EventURL":"","_EventCost":"","_EventCostDescription":"","_EventCurrencySymbol":"","_EventCurrencyCode":"","_EventCurrencyPosition":"","_EventDateTimeSeparator":"","_EventTimeRangeSeparator":"","_EventOrganizerID":[],"_EventVenueID":[],"_OrganizerEmail":"","_OrganizerPhone":"","_OrganizerWebsite":"","_VenueAddress":"","_VenueCity":"","_VenueCountry":"","_VenueProvince":"","_VenueState":"","_VenueZip":"","_VenuePhone":"","_VenueURL":"","_VenueStateProvince":"","_VenueLat":"","_VenueLng":"","_VenueShowMap":false,"_VenueShowMapLink":false,"footnotes":""},"class_list":["post-25","page","type-page","status-publish","hentry"],"_links":{"self":[{"href":"https:\/\/www.heimatverein-jevenstedt.de\/wordpress\/index.php?rest_route=\/wp\/v2\/pages\/25","targetHints":{"allow":["GET"]}}],"collection":[{"href":"https:\/\/www.heimatverein-jevenstedt.de\/wordpress\/index.php?rest_route=\/wp\/v2\/pages"}],"about":[{"href":"https:\/\/www.heimatverein-jevenstedt.de\/wordpress\/index.php?rest_route=\/wp\/v2\/types\/page"}],"author":[{"embeddable":true,"href":"https:\/\/www.heimatverein-jevenstedt.de\/wordpress\/index.php?rest_route=\/wp\/v2\/users\/1"}],"replies":[{"embeddable":true,"href":"https:\/\/www.heimatverein-jevenstedt.de\/wordpress\/index.php?rest_route=%2Fwp%2Fv2%2Fcomments&post=25"}],"version-history":[{"count":26,"href":"https:\/\/www.heimatverein-jevenstedt.de\/wordpress\/index.php?rest_route=\/wp\/v2\/pages\/25\/revisions"}],"predecessor-version":[{"id":108,"href":"https:\/\/www.heimatverein-jevenstedt.de\/wordpress\/index.php?rest_route=\/wp\/v2\/pages\/25\/revisions\/108"}],"up":[{"embeddable":true,"href":"https:\/\/www.heimatverein-jevenstedt.de\/wordpress\/index.php?rest_route=\/wp\/v2\/pages\/19"}],"wp:attachment":[{"href":"https:\/\/www.heimatverein-jevenstedt.de\/wordpress\/index.php?rest_route=%2Fwp%2Fv2%2Fmedia&parent=25"}],"curies":[{"name":"wp","href":"https:\/\/api.w.org\/{rel}","templated":true}]}}